{"id":11,"date":"2025-08-03T13:12:19","date_gmt":"2025-08-03T13:12:19","guid":{"rendered":"https:\/\/solmupub.fi\/?page_id=11"},"modified":"2025-09-19T15:28:41","modified_gmt":"2025-09-19T15:28:41","slug":"etusivu","status":"publish","type":"page","link":"https:\/\/solmupub.fi\/","title":{"rendered":"Etusivu"},"content":{"rendered":"\t\t<div data-elementor-type=\"wp-post\" data-elementor-id=\"11\" class=\"elementor elementor-11\">\n\t\t\t\t<div class=\"elementor-element elementor-element-4133fc0 e-flex e-con-boxed e-con e-parent\" data-id=\"4133fc0\" data-element_type=\"container\">\n\t\t\t\t\t<div class=\"e-con-inner\">\n\t\t\t\t<div class=\"elementor-element elementor-element-66ccb3a elementor-widget__width-initial elementor-widget elementor-widget-image\" data-id=\"66ccb3a\" data-element_type=\"widget\" data-widget_type=\"image.default\">\n\t\t\t\t\t\t\t\t\t\t\t\t\t\t\t<img fetchpriority=\"high\" decoding=\"async\" width=\"1648\" height=\"1107\" src=\"https:\/\/solmupub.fi\/wp-content\/uploads\/2025\/08\/solmu-logo-ei-koytta.png\" class=\"attachment-full size-full wp-image-20\" alt=\"Solmu Pub\" srcset=\"https:\/\/solmupub.fi\/wp-content\/uploads\/2025\/08\/solmu-logo-ei-koytta.png 1648w, https:\/\/solmupub.fi\/wp-content\/uploads\/2025\/08\/solmu-logo-ei-koytta-300x202.png 300w, https:\/\/solmupub.fi\/wp-content\/uploads\/2025\/08\/solmu-logo-ei-koytta-1024x688.png 1024w, https:\/\/solmupub.fi\/wp-content\/uploads\/2025\/08\/solmu-logo-ei-koytta-768x516.png 768w, https:\/\/solmupub.fi\/wp-content\/uploads\/2025\/08\/solmu-logo-ei-koytta-1536x1032.png 1536w\" sizes=\"(max-width: 1648px) 100vw, 1648px\" \/>\t\t\t\t\t\t\t\t\t\t\t\t\t\t\t<\/div>\n\t\t\t\t\t<\/div>\n\t\t\t\t<\/div>\n\t\t<div class=\"elementor-element elementor-element-58ccd66 e-flex e-con-boxed e-con e-parent\" data-id=\"58ccd66\" data-element_type=\"container\">\n\t\t\t\t\t<div class=\"e-con-inner\">\n\t\t\t\t<div class=\"elementor-element elementor-element-a7ad53d elementor-widget__width-initial elementor-widget-mobile__width-inherit elementor-widget elementor-widget-heading\" data-id=\"a7ad53d\" data-element_type=\"widget\" data-widget_type=\"heading.default\">\n\t\t\t\t\t<h2 class=\"elementor-heading-title elementor-size-default\">Rento ja kodikas pubi Kalliossa - jo 10 vuoden ajan!<\/h2>\t\t\t\t<\/div>\n\t\t\t\t<div class=\"elementor-element elementor-element-edda9ec elementor-widget elementor-widget-text-editor\" data-id=\"edda9ec\" data-element_type=\"widget\" data-widget_type=\"text-editor.default\">\n\t\t\t\t\t\t\t\t\t<p style=\"text-align: center;\">Solmu Pub on Helsingin Harjussa Vaasankadulla sijaitseva tyylik\u00e4s ja viihtyis\u00e4 pubi, joka on palvellut asiakkaitaan jo 10 vuoden ajan. Meill\u00e4 on tarjolla laaja olut-, siideri- ja viinivalikoima. Solmu Pub n\u00e4ytt\u00e4\u00e4 kaikki t\u00e4rkeimm\u00e4t urheilukisat ja ottelut suorana. Karvaiset kaverit ovat my\u00f6s tervetulleita. N\u00e4hd\u00e4\u00e4n Solmussa!<\/p>\t\t\t\t\t\t\t\t<\/div>\n\t\t\t\t<div class=\"elementor-element elementor-element-72fae10 elementor-widget elementor-widget-image\" data-id=\"72fae10\" data-element_type=\"widget\" data-widget_type=\"image.default\">\n\t\t\t\t\t\t\t\t\t\t\t\t\t\t\t<img decoding=\"async\" width=\"800\" height=\"533\" src=\"https:\/\/solmupub.fi\/wp-content\/uploads\/2025\/08\/solmu-7746-2-1024x682.jpg\" class=\"attachment-large size-large wp-image-31\" alt=\"\" srcset=\"https:\/\/solmupub.fi\/wp-content\/uploads\/2025\/08\/solmu-7746-2-1024x682.jpg 1024w, https:\/\/solmupub.fi\/wp-content\/uploads\/2025\/08\/solmu-7746-2-300x200.jpg 300w, https:\/\/solmupub.fi\/wp-content\/uploads\/2025\/08\/solmu-7746-2-768x512.jpg 768w, https:\/\/solmupub.fi\/wp-content\/uploads\/2025\/08\/solmu-7746-2-1536x1024.jpg 1536w, https:\/\/solmupub.fi\/wp-content\/uploads\/2025\/08\/solmu-7746-2.jpg 2000w\" sizes=\"(max-width: 800px) 100vw, 800px\" \/>\t\t\t\t\t\t\t\t\t\t\t\t\t\t\t<\/div>\n\t\t<div class=\"elementor-element elementor-element-8d1912a e-grid e-con-full e-con e-child\" data-id=\"8d1912a\" data-element_type=\"container\">\n\t\t\t\t<div class=\"elementor-element elementor-element-bbf14bb elementor-widget elementor-widget-text-editor\" data-id=\"bbf14bb\" data-element_type=\"widget\" data-widget_type=\"text-editor.default\">\n\t\t\t\t\t\t\t\t\t<p style=\"text-align: center;\"><strong>Avoinna \/ Open:<br \/><\/strong>Ma suljettu \/ Mon closed<br \/>Ti-To \/ Tue-Thu 16-01<br \/>Pe-la \/ Fri-Sat 16-02<br \/>Su \/ Sun 16-01<\/p>\t\t\t\t\t\t\t\t<\/div>\n\t\t\t\t<div class=\"elementor-element elementor-element-c308bb8 elementor-widget elementor-widget-text-editor\" data-id=\"c308bb8\" data-element_type=\"widget\" data-widget_type=\"text-editor.default\">\n\t\t\t\t\t\t\t\t\t<p style=\"text-align: center;\">Vaasankatu 8<br \/>00500 Helsinki<\/p><p style=\"text-align: center;\">+358 44 980 3089<br \/><a href=\"https:\/\/web.archive.org\/web\/20230409052409\/mailto:stobe@solmupub.fi\">stobe@solmupub.fi<\/a><\/p>\t\t\t\t\t\t\t\t<\/div>\n\t\t\t\t<\/div>\n\t\t<div class=\"elementor-element elementor-element-0ec520a e-con-full e-flex e-con e-child\" data-id=\"0ec520a\" data-element_type=\"container\">\n\t\t\t\t<div class=\"elementor-element elementor-element-4dc44df elementor-view-default elementor-widget elementor-widget-icon\" data-id=\"4dc44df\" data-element_type=\"widget\" data-widget_type=\"icon.default\">\n\t\t\t\t\t\t\t<div class=\"elementor-icon-wrapper\">\n\t\t\t<a class=\"elementor-icon\" href=\"https:\/\/www.facebook.com\/solmupub\" target=\"_blank\">\n\t\t\t<svg aria-hidden=\"true\" class=\"e-font-icon-svg e-fab-facebook-square\" viewBox=\"0 0 448 512\" xmlns=\"http:\/\/www.w3.org\/2000\/svg\"><path d=\"M400 32H48A48 48 0 0 0 0 80v352a48 48 0 0 0 48 48h137.25V327.69h-63V256h63v-54.64c0-62.15 37-96.48 93.67-96.48 27.14 0 55.52 4.84 55.52 4.84v61h-31.27c-30.81 0-40.42 19.12-40.42 38.73V256h68.78l-11 71.69h-57.78V480H400a48 48 0 0 0 48-48V80a48 48 0 0 0-48-48z\"><\/path><\/svg>\t\t\t<\/a>\n\t\t<\/div>\n\t\t\t\t\t\t<\/div>\n\t\t\t\t<div class=\"elementor-element elementor-element-82ca55c elementor-view-default elementor-widget elementor-widget-icon\" data-id=\"82ca55c\" data-element_type=\"widget\" data-widget_type=\"icon.default\">\n\t\t\t\t\t\t\t<div class=\"elementor-icon-wrapper\">\n\t\t\t<a class=\"elementor-icon\" href=\"https:\/\/www.instagram.com\/solmupub\/\" target=\"_blank\">\n\t\t\t<svg aria-hidden=\"true\" class=\"e-font-icon-svg e-fab-instagram\" viewBox=\"0 0 448 512\" xmlns=\"http:\/\/www.w3.org\/2000\/svg\"><path d=\"M224.1 141c-63.6 0-114.9 51.3-114.9 114.9s51.3 114.9 114.9 114.9S339 319.5 339 255.9 287.7 141 224.1 141zm0 189.6c-41.1 0-74.7-33.5-74.7-74.7s33.5-74.7 74.7-74.7 74.7 33.5 74.7 74.7-33.6 74.7-74.7 74.7zm146.4-194.3c0 14.9-12 26.8-26.8 26.8-14.9 0-26.8-12-26.8-26.8s12-26.8 26.8-26.8 26.8 12 26.8 26.8zm76.1 27.2c-1.7-35.9-9.9-67.7-36.2-93.9-26.2-26.2-58-34.4-93.9-36.2-37-2.1-147.9-2.1-184.9 0-35.8 1.7-67.6 9.9-93.9 36.1s-34.4 58-36.2 93.9c-2.1 37-2.1 147.9 0 184.9 1.7 35.9 9.9 67.7 36.2 93.9s58 34.4 93.9 36.2c37 2.1 147.9 2.1 184.9 0 35.9-1.7 67.7-9.9 93.9-36.2 26.2-26.2 34.4-58 36.2-93.9 2.1-37 2.1-147.8 0-184.8zM398.8 388c-7.8 19.6-22.9 34.7-42.6 42.6-29.5 11.7-99.5 9-132.1 9s-102.7 2.6-132.1-9c-19.6-7.8-34.7-22.9-42.6-42.6-11.7-29.5-9-99.5-9-132.1s-2.6-102.7 9-132.1c7.8-19.6 22.9-34.7 42.6-42.6 29.5-11.7 99.5-9 132.1-9s102.7-2.6 132.1 9c19.6 7.8 34.7 22.9 42.6 42.6 11.7 29.5 9 99.5 9 132.1s2.7 102.7-9 132.1z\"><\/path><\/svg>\t\t\t<\/a>\n\t\t<\/div>\n\t\t\t\t\t\t<\/div>\n\t\t\t\t<\/div>\n\t\t\t\t<div class=\"elementor-element elementor-element-6d69134 gallery-spacing-custom elementor-widget elementor-widget-image-gallery\" data-id=\"6d69134\" data-element_type=\"widget\" data-widget_type=\"image-gallery.default\">\n\t\t\t\t\t\t\t<div class=\"elementor-image-gallery\">\n\t\t\t<div id='gallery-1' class='gallery galleryid-11 gallery-columns-4 gallery-size-medium'><figure class='gallery-item'>\n\t\t\t<div class='gallery-icon portrait'>\n\t\t\t\t<a data-elementor-open-lightbox=\"yes\" data-elementor-lightbox-slideshow=\"6d69134\" data-elementor-lightbox-title=\"IMG_1241\" data-e-action-hash=\"#elementor-action%3Aaction%3Dlightbox%26settings%3DeyJpZCI6NTgsInVybCI6Imh0dHBzOlwvXC9zb2xtdXB1Yi5maVwvd3AtY29udGVudFwvdXBsb2Fkc1wvMjAyNVwvMDhcL0lNR18xMjQxLmpwZWciLCJzbGlkZXNob3ciOiI2ZDY5MTM0In0%3D\" href='https:\/\/solmupub.fi\/wp-content\/uploads\/2025\/08\/IMG_1241.jpeg'><img decoding=\"async\" width=\"225\" height=\"300\" src=\"https:\/\/solmupub.fi\/wp-content\/uploads\/2025\/08\/IMG_1241-225x300.jpeg\" class=\"attachment-medium size-medium\" alt=\"\" srcset=\"https:\/\/solmupub.fi\/wp-content\/uploads\/2025\/08\/IMG_1241-225x300.jpeg 225w, https:\/\/solmupub.fi\/wp-content\/uploads\/2025\/08\/IMG_1241.jpeg 480w\" sizes=\"(max-width: 225px) 100vw, 225px\" \/><\/a>\n\t\t\t<\/div><\/figure><figure class='gallery-item'>\n\t\t\t<div class='gallery-icon landscape'>\n\t\t\t\t<a data-elementor-open-lightbox=\"yes\" data-elementor-lightbox-slideshow=\"6d69134\" data-elementor-lightbox-title=\"IMG_1380\" data-e-action-hash=\"#elementor-action%3Aaction%3Dlightbox%26settings%3DeyJpZCI6NTksInVybCI6Imh0dHBzOlwvXC9zb2xtdXB1Yi5maVwvd3AtY29udGVudFwvdXBsb2Fkc1wvMjAyNVwvMDhcL0lNR18xMzgwLmpwZWciLCJzbGlkZXNob3ciOiI2ZDY5MTM0In0%3D\" href='https:\/\/solmupub.fi\/wp-content\/uploads\/2025\/08\/IMG_1380.jpeg'><img loading=\"lazy\" decoding=\"async\" width=\"300\" height=\"225\" src=\"https:\/\/solmupub.fi\/wp-content\/uploads\/2025\/08\/IMG_1380-300x225.jpeg\" class=\"attachment-medium size-medium\" alt=\"\" srcset=\"https:\/\/solmupub.fi\/wp-content\/uploads\/2025\/08\/IMG_1380-300x225.jpeg 300w, https:\/\/solmupub.fi\/wp-content\/uploads\/2025\/08\/IMG_1380.jpeg 640w\" sizes=\"(max-width: 300px) 100vw, 300px\" \/><\/a>\n\t\t\t<\/div><\/figure><figure class='gallery-item'>\n\t\t\t<div class='gallery-icon portrait'>\n\t\t\t\t<a data-elementor-open-lightbox=\"yes\" data-elementor-lightbox-slideshow=\"6d69134\" data-elementor-lightbox-title=\"IMG_1389\" data-e-action-hash=\"#elementor-action%3Aaction%3Dlightbox%26settings%3DeyJpZCI6NjAsInVybCI6Imh0dHBzOlwvXC9zb2xtdXB1Yi5maVwvd3AtY29udGVudFwvdXBsb2Fkc1wvMjAyNVwvMDhcL0lNR18xMzg5LmpwZWciLCJzbGlkZXNob3ciOiI2ZDY5MTM0In0%3D\" href='https:\/\/solmupub.fi\/wp-content\/uploads\/2025\/08\/IMG_1389.jpeg'><img loading=\"lazy\" decoding=\"async\" width=\"225\" height=\"300\" src=\"https:\/\/solmupub.fi\/wp-content\/uploads\/2025\/08\/IMG_1389-225x300.jpeg\" class=\"attachment-medium size-medium\" alt=\"\" srcset=\"https:\/\/solmupub.fi\/wp-content\/uploads\/2025\/08\/IMG_1389-225x300.jpeg 225w, https:\/\/solmupub.fi\/wp-content\/uploads\/2025\/08\/IMG_1389.jpeg 480w\" sizes=\"(max-width: 225px) 100vw, 225px\" \/><\/a>\n\t\t\t<\/div><\/figure><figure class='gallery-item'>\n\t\t\t<div class='gallery-icon portrait'>\n\t\t\t\t<a data-elementor-open-lightbox=\"yes\" data-elementor-lightbox-slideshow=\"6d69134\" data-elementor-lightbox-title=\"IMG_1941\" data-e-action-hash=\"#elementor-action%3Aaction%3Dlightbox%26settings%3DeyJpZCI6NjEsInVybCI6Imh0dHBzOlwvXC9zb2xtdXB1Yi5maVwvd3AtY29udGVudFwvdXBsb2Fkc1wvMjAyNVwvMDhcL0lNR18xOTQxLmpwZWciLCJzbGlkZXNob3ciOiI2ZDY5MTM0In0%3D\" href='https:\/\/solmupub.fi\/wp-content\/uploads\/2025\/08\/IMG_1941.jpeg'><img loading=\"lazy\" decoding=\"async\" width=\"225\" height=\"300\" src=\"https:\/\/solmupub.fi\/wp-content\/uploads\/2025\/08\/IMG_1941-225x300.jpeg\" class=\"attachment-medium size-medium\" alt=\"\" srcset=\"https:\/\/solmupub.fi\/wp-content\/uploads\/2025\/08\/IMG_1941-225x300.jpeg 225w, https:\/\/solmupub.fi\/wp-content\/uploads\/2025\/08\/IMG_1941.jpeg 480w\" sizes=\"(max-width: 225px) 100vw, 225px\" \/><\/a>\n\t\t\t<\/div><\/figure><figure class='gallery-item'>\n\t\t\t<div class='gallery-icon portrait'>\n\t\t\t\t<a data-elementor-open-lightbox=\"yes\" data-elementor-lightbox-slideshow=\"6d69134\" data-elementor-lightbox-title=\"IMG_7470\" data-e-action-hash=\"#elementor-action%3Aaction%3Dlightbox%26settings%3DeyJpZCI6NjgsInVybCI6Imh0dHBzOlwvXC9zb2xtdXB1Yi5maVwvd3AtY29udGVudFwvdXBsb2Fkc1wvMjAyNVwvMDhcL0lNR183NDcwLmpwZWciLCJzbGlkZXNob3ciOiI2ZDY5MTM0In0%3D\" href='https:\/\/solmupub.fi\/wp-content\/uploads\/2025\/08\/IMG_7470.jpeg'><img loading=\"lazy\" decoding=\"async\" width=\"225\" height=\"300\" src=\"https:\/\/solmupub.fi\/wp-content\/uploads\/2025\/08\/IMG_7470-225x300.jpeg\" class=\"attachment-medium size-medium\" alt=\"\" srcset=\"https:\/\/solmupub.fi\/wp-content\/uploads\/2025\/08\/IMG_7470-225x300.jpeg 225w, https:\/\/solmupub.fi\/wp-content\/uploads\/2025\/08\/IMG_7470.jpeg 480w\" sizes=\"(max-width: 225px) 100vw, 225px\" \/><\/a>\n\t\t\t<\/div><\/figure><figure class='gallery-item'>\n\t\t\t<div class='gallery-icon portrait'>\n\t\t\t\t<a data-elementor-open-lightbox=\"yes\" data-elementor-lightbox-slideshow=\"6d69134\" data-elementor-lightbox-title=\"IMG_2187\" data-e-action-hash=\"#elementor-action%3Aaction%3Dlightbox%26settings%3DeyJpZCI6NjIsInVybCI6Imh0dHBzOlwvXC9zb2xtdXB1Yi5maVwvd3AtY29udGVudFwvdXBsb2Fkc1wvMjAyNVwvMDhcL0lNR18yMTg3LmpwZWciLCJzbGlkZXNob3ciOiI2ZDY5MTM0In0%3D\" href='https:\/\/solmupub.fi\/wp-content\/uploads\/2025\/08\/IMG_2187.jpeg'><img loading=\"lazy\" decoding=\"async\" width=\"225\" height=\"300\" src=\"https:\/\/solmupub.fi\/wp-content\/uploads\/2025\/08\/IMG_2187-225x300.jpeg\" class=\"attachment-medium size-medium\" alt=\"\" srcset=\"https:\/\/solmupub.fi\/wp-content\/uploads\/2025\/08\/IMG_2187-225x300.jpeg 225w, https:\/\/solmupub.fi\/wp-content\/uploads\/2025\/08\/IMG_2187.jpeg 480w\" sizes=\"(max-width: 225px) 100vw, 225px\" \/><\/a>\n\t\t\t<\/div><\/figure><figure class='gallery-item'>\n\t\t\t<div class='gallery-icon portrait'>\n\t\t\t\t<a data-elementor-open-lightbox=\"yes\" data-elementor-lightbox-slideshow=\"6d69134\" data-elementor-lightbox-title=\"IMG_2632\" data-e-action-hash=\"#elementor-action%3Aaction%3Dlightbox%26settings%3DeyJpZCI6NjMsInVybCI6Imh0dHBzOlwvXC9zb2xtdXB1Yi5maVwvd3AtY29udGVudFwvdXBsb2Fkc1wvMjAyNVwvMDhcL0lNR18yNjMyLmpwZWciLCJzbGlkZXNob3ciOiI2ZDY5MTM0In0%3D\" href='https:\/\/solmupub.fi\/wp-content\/uploads\/2025\/08\/IMG_2632.jpeg'><img loading=\"lazy\" decoding=\"async\" width=\"225\" height=\"300\" src=\"https:\/\/solmupub.fi\/wp-content\/uploads\/2025\/08\/IMG_2632-225x300.jpeg\" class=\"attachment-medium size-medium\" alt=\"\" srcset=\"https:\/\/solmupub.fi\/wp-content\/uploads\/2025\/08\/IMG_2632-225x300.jpeg 225w, https:\/\/solmupub.fi\/wp-content\/uploads\/2025\/08\/IMG_2632.jpeg 480w\" sizes=\"(max-width: 225px) 100vw, 225px\" \/><\/a>\n\t\t\t<\/div><\/figure><figure class='gallery-item'>\n\t\t\t<div class='gallery-icon portrait'>\n\t\t\t\t<a data-elementor-open-lightbox=\"yes\" data-elementor-lightbox-slideshow=\"6d69134\" data-elementor-lightbox-title=\"IMG_3077\" data-e-action-hash=\"#elementor-action%3Aaction%3Dlightbox%26settings%3DeyJpZCI6NjQsInVybCI6Imh0dHBzOlwvXC9zb2xtdXB1Yi5maVwvd3AtY29udGVudFwvdXBsb2Fkc1wvMjAyNVwvMDhcL0lNR18zMDc3LmpwZWciLCJzbGlkZXNob3ciOiI2ZDY5MTM0In0%3D\" href='https:\/\/solmupub.fi\/wp-content\/uploads\/2025\/08\/IMG_3077.jpeg'><img loading=\"lazy\" decoding=\"async\" width=\"225\" height=\"300\" src=\"https:\/\/solmupub.fi\/wp-content\/uploads\/2025\/08\/IMG_3077-225x300.jpeg\" class=\"attachment-medium size-medium\" alt=\"\" srcset=\"https:\/\/solmupub.fi\/wp-content\/uploads\/2025\/08\/IMG_3077-225x300.jpeg 225w, https:\/\/solmupub.fi\/wp-content\/uploads\/2025\/08\/IMG_3077.jpeg 480w\" sizes=\"(max-width: 225px) 100vw, 225px\" \/><\/a>\n\t\t\t<\/div><\/figure><figure class='gallery-item'>\n\t\t\t<div class='gallery-icon portrait'>\n\t\t\t\t<a data-elementor-open-lightbox=\"yes\" data-elementor-lightbox-slideshow=\"6d69134\" data-elementor-lightbox-title=\"IMG_3117\" data-e-action-hash=\"#elementor-action%3Aaction%3Dlightbox%26settings%3DeyJpZCI6NjUsInVybCI6Imh0dHBzOlwvXC9zb2xtdXB1Yi5maVwvd3AtY29udGVudFwvdXBsb2Fkc1wvMjAyNVwvMDhcL0lNR18zMTE3LmpwZWciLCJzbGlkZXNob3ciOiI2ZDY5MTM0In0%3D\" href='https:\/\/solmupub.fi\/wp-content\/uploads\/2025\/08\/IMG_3117.jpeg'><img loading=\"lazy\" decoding=\"async\" width=\"225\" height=\"300\" src=\"https:\/\/solmupub.fi\/wp-content\/uploads\/2025\/08\/IMG_3117-225x300.jpeg\" class=\"attachment-medium size-medium\" alt=\"\" srcset=\"https:\/\/solmupub.fi\/wp-content\/uploads\/2025\/08\/IMG_3117-225x300.jpeg 225w, https:\/\/solmupub.fi\/wp-content\/uploads\/2025\/08\/IMG_3117.jpeg 480w\" sizes=\"(max-width: 225px) 100vw, 225px\" \/><\/a>\n\t\t\t<\/div><\/figure><figure class='gallery-item'>\n\t\t\t<div class='gallery-icon portrait'>\n\t\t\t\t<a data-elementor-open-lightbox=\"yes\" data-elementor-lightbox-slideshow=\"6d69134\" data-elementor-lightbox-title=\"IMG_3892\" data-e-action-hash=\"#elementor-action%3Aaction%3Dlightbox%26settings%3DeyJpZCI6NjYsInVybCI6Imh0dHBzOlwvXC9zb2xtdXB1Yi5maVwvd3AtY29udGVudFwvdXBsb2Fkc1wvMjAyNVwvMDhcL0lNR18zODkyLmpwZWciLCJzbGlkZXNob3ciOiI2ZDY5MTM0In0%3D\" href='https:\/\/solmupub.fi\/wp-content\/uploads\/2025\/08\/IMG_3892.jpeg'><img loading=\"lazy\" decoding=\"async\" width=\"225\" height=\"300\" src=\"https:\/\/solmupub.fi\/wp-content\/uploads\/2025\/08\/IMG_3892-225x300.jpeg\" class=\"attachment-medium size-medium\" alt=\"\" srcset=\"https:\/\/solmupub.fi\/wp-content\/uploads\/2025\/08\/IMG_3892-225x300.jpeg 225w, https:\/\/solmupub.fi\/wp-content\/uploads\/2025\/08\/IMG_3892.jpeg 480w\" sizes=\"(max-width: 225px) 100vw, 225px\" \/><\/a>\n\t\t\t<\/div><\/figure><figure class='gallery-item'>\n\t\t\t<div class='gallery-icon landscape'>\n\t\t\t\t<a data-elementor-open-lightbox=\"yes\" data-elementor-lightbox-slideshow=\"6d69134\" data-elementor-lightbox-title=\"IMG_6924\" data-e-action-hash=\"#elementor-action%3Aaction%3Dlightbox%26settings%3DeyJpZCI6NjcsInVybCI6Imh0dHBzOlwvXC9zb2xtdXB1Yi5maVwvd3AtY29udGVudFwvdXBsb2Fkc1wvMjAyNVwvMDhcL0lNR182OTI0LmpwZWciLCJzbGlkZXNob3ciOiI2ZDY5MTM0In0%3D\" href='https:\/\/solmupub.fi\/wp-content\/uploads\/2025\/08\/IMG_6924.jpeg'><img loading=\"lazy\" decoding=\"async\" width=\"300\" height=\"225\" src=\"https:\/\/solmupub.fi\/wp-content\/uploads\/2025\/08\/IMG_6924-300x225.jpeg\" class=\"attachment-medium size-medium\" alt=\"\" srcset=\"https:\/\/solmupub.fi\/wp-content\/uploads\/2025\/08\/IMG_6924-300x225.jpeg 300w, https:\/\/solmupub.fi\/wp-content\/uploads\/2025\/08\/IMG_6924.jpeg 640w\" sizes=\"(max-width: 300px) 100vw, 300px\" \/><\/a>\n\t\t\t<\/div><\/figure><figure class='gallery-item'>\n\t\t\t<div class='gallery-icon portrait'>\n\t\t\t\t<a data-elementor-open-lightbox=\"yes\" data-elementor-lightbox-slideshow=\"6d69134\" data-elementor-lightbox-title=\"IMG_8044\" data-e-action-hash=\"#elementor-action%3Aaction%3Dlightbox%26settings%3DeyJpZCI6NjksInVybCI6Imh0dHBzOlwvXC9zb2xtdXB1Yi5maVwvd3AtY29udGVudFwvdXBsb2Fkc1wvMjAyNVwvMDhcL0lNR184MDQ0LmpwZWciLCJzbGlkZXNob3ciOiI2ZDY5MTM0In0%3D\" href='https:\/\/solmupub.fi\/wp-content\/uploads\/2025\/08\/IMG_8044.jpeg'><img loading=\"lazy\" decoding=\"async\" width=\"225\" height=\"300\" src=\"https:\/\/solmupub.fi\/wp-content\/uploads\/2025\/08\/IMG_8044-225x300.jpeg\" class=\"attachment-medium size-medium\" alt=\"\" srcset=\"https:\/\/solmupub.fi\/wp-content\/uploads\/2025\/08\/IMG_8044-225x300.jpeg 225w, https:\/\/solmupub.fi\/wp-content\/uploads\/2025\/08\/IMG_8044.jpeg 480w\" sizes=\"(max-width: 225px) 100vw, 225px\" \/><\/a>\n\t\t\t<\/div><\/figure>\n\t\t<\/div>\n\t\t<\/div>\n\t\t\t\t\t\t<\/div>\n\t\t<div class=\"elementor-element elementor-element-dd73bc1 e-con-full e-flex e-con e-child\" data-id=\"dd73bc1\" data-element_type=\"container\">\n\t\t\t\t<div class=\"elementor-element elementor-element-39ab319 elementor-widget__width-initial elementor-widget-mobile__width-initial elementor-widget elementor-widget-image\" data-id=\"39ab319\" data-element_type=\"widget\" data-widget_type=\"image.default\">\n\t\t\t\t\t\t\t\t\t\t\t\t\t\t\t<img loading=\"lazy\" decoding=\"async\" width=\"500\" height=\"318\" src=\"https:\/\/solmupub.fi\/wp-content\/uploads\/2025\/08\/10v.png\" class=\"attachment-full size-full wp-image-33\" alt=\"\" srcset=\"https:\/\/solmupub.fi\/wp-content\/uploads\/2025\/08\/10v.png 500w, https:\/\/solmupub.fi\/wp-content\/uploads\/2025\/08\/10v-300x191.png 300w\" sizes=\"(max-width: 500px) 100vw, 500px\" \/>\t\t\t\t\t\t\t\t\t\t\t\t\t\t\t<\/div>\n\t\t\t\t<\/div>\n\t\t\t\t\t<\/div>\n\t\t\t\t<\/div>\n\t\t\t\t<\/div>\n\t\t","protected":false},"excerpt":{"rendered":"<p>Rento ja kodikas pubi Kalliossa &#8211; jo 10 vuoden ajan! Solmu Pub on Helsingin Harjussa Vaasankadulla sijaitseva tyylik\u00e4s ja viihtyis\u00e4 pubi, joka on palvellut asiakkaitaan jo 10 vuoden ajan. Meill\u00e4 on tarjolla laaja olut-, siideri- ja viinivalikoima. Solmu Pub n\u00e4ytt\u00e4\u00e4 kaikki t\u00e4rkeimm\u00e4t urheilukisat ja ottelut suorana. Karvaiset kaverit ovat my\u00f6s tervetulleita. N\u00e4hd\u00e4\u00e4n Solmussa! Avoinna \/ [&hellip;]<\/p>\n","protected":false},"author":1,"featured_media":0,"parent":0,"menu_order":0,"comment_status":"closed","ping_status":"closed","template":"","meta":{"footnotes":""},"class_list":["post-11","page","type-page","status-publish","hentry"],"_links":{"self":[{"href":"https:\/\/solmupub.fi\/index.php\/wp-json\/wp\/v2\/pages\/11","targetHints":{"allow":["GET"]}}],"collection":[{"href":"https:\/\/solmupub.fi\/index.php\/wp-json\/wp\/v2\/pages"}],"about":[{"href":"https:\/\/solmupub.fi\/index.php\/wp-json\/wp\/v2\/types\/page"}],"author":[{"embeddable":true,"href":"https:\/\/solmupub.fi\/index.php\/wp-json\/wp\/v2\/users\/1"}],"replies":[{"embeddable":true,"href":"https:\/\/solmupub.fi\/index.php\/wp-json\/wp\/v2\/comments?post=11"}],"version-history":[{"count":29,"href":"https:\/\/solmupub.fi\/index.php\/wp-json\/wp\/v2\/pages\/11\/revisions"}],"predecessor-version":[{"id":82,"href":"https:\/\/solmupub.fi\/index.php\/wp-json\/wp\/v2\/pages\/11\/revisions\/82"}],"wp:attachment":[{"href":"https:\/\/solmupub.fi\/index.php\/wp-json\/wp\/v2\/media?parent=11"}],"curies":[{"name":"wp","href":"https:\/\/api.w.org\/{rel}","templated":true}]}}